{"id":7128,"date":"2020-03-23T11:38:45","date_gmt":"2020-03-23T11:38:45","guid":{"rendered":"https:\/\/jardinatacama.cl\/blog\/"},"modified":"2026-04-17T01:35:29","modified_gmt":"2026-04-17T01:35:29","slug":"blog","status":"publish","type":"page","link":"https:\/\/jardinatacama.cl\/pt-br\/blog\/","title":{"rendered":"Blog"},"content":{"rendered":"\t\t<div data-elementor-type=\"wp-page\" data-elementor-id=\"7128\" class=\"elementor elementor-7128 elementor-694\">\n\t\t\t\t\t\t<section class=\"elementor-section elementor-top-section elementor-element elementor-element-5070a00 elementor-section-full_width qodef-elementor-content-grid elementor-section-stretched elementor-section-height-default elementor-section-height-default\" data-id=\"5070a00\" data-element_type=\"section\" data-e-type=\"section\" data-settings=\"{&quot;background_background&quot;:&quot;classic&quot;,&quot;stretch_section&quot;:&quot;section-stretched&quot;}\">\n\t\t\t\t\t\t\t<div class=\"elementor-background-overlay\"><\/div>\n\t\t\t\t\t\t\t<div class=\"elementor-container elementor-column-gap-no\">\n\t\t\t\t\t<div class=\"elementor-column elementor-col-100 elementor-top-column elementor-element elementor-element-6a524a5\" data-id=\"6a524a5\" data-element_type=\"column\" data-e-type=\"column\">\n\t\t\t<div class=\"elementor-widget-wrap elementor-element-populated\">\n\t\t\t\t\t\t<div class=\"elementor-element elementor-element-20b2bac elementor-widget elementor-widget-heading\" data-id=\"20b2bac\" data-element_type=\"widget\" data-e-type=\"widget\" data-widget_type=\"heading.default\">\n\t\t\t\t\t<h2 class=\"elementor-heading-title elementor-size-default\">Blog<\/h2>\t\t\t\t<\/div>\n\t\t\t\t\t<\/div>\n\t\t<\/div>\n\t\t\t\t\t<\/div>\n\t\t<\/section>\n\t\t\t\t<section class=\"elementor-section elementor-top-section elementor-element elementor-element-4a4a967 elementor-section-full_width elementor-section-height-default elementor-section-height-default qodef-elementor-content-no\" data-id=\"4a4a967\" data-element_type=\"section\" data-e-type=\"section\">\n\t\t\t\t\t\t<div class=\"elementor-container elementor-column-gap-no\">\n\t\t\t\t\t<div class=\"elementor-column elementor-col-100 elementor-top-column elementor-element elementor-element-a4cfdc5\" data-id=\"a4cfdc5\" data-element_type=\"column\" data-e-type=\"column\">\n\t\t\t<div class=\"elementor-widget-wrap elementor-element-populated\">\n\t\t\t\t\t\t<div class=\"elementor-element elementor-element-d901e06 elementor-widget elementor-widget-alloggio_core_blog_list\" data-id=\"d901e06\" data-element_type=\"widget\" data-e-type=\"widget\" data-widget_type=\"alloggio_core_blog_list.default\">\n\t\t\t\t<div class=\"elementor-widget-container\">\n\t\t\t\t\t<div class=\"qodef-shortcode qodef-m qodef-blog qodef--list qodef-item-layout--standard qodef--has-animation qodef-grid qodef-layout--masonry qodef-gutter--normal qodef-col-num--3 qodef-item-layout--standard qodef-pagination--on qodef-pagination-type--standard qodef-responsive--predefined\" data-options=\"{&quot;plugin&quot;:&quot;alloggio_core&quot;,&quot;module&quot;:&quot;blog\\\/shortcodes&quot;,&quot;shortcode&quot;:&quot;blog-list&quot;,&quot;post_type&quot;:&quot;post&quot;,&quot;next_page&quot;:&quot;2&quot;,&quot;max_pages_num&quot;:1,&quot;behavior&quot;:&quot;masonry&quot;,&quot;images_proportion&quot;:&quot;full&quot;,&quot;columns&quot;:&quot;3&quot;,&quot;columns_responsive&quot;:&quot;predefined&quot;,&quot;columns_1440&quot;:&quot;3&quot;,&quot;columns_1366&quot;:&quot;3&quot;,&quot;columns_1024&quot;:&quot;3&quot;,&quot;columns_768&quot;:&quot;3&quot;,&quot;columns_680&quot;:&quot;3&quot;,&quot;columns_480&quot;:&quot;3&quot;,&quot;space&quot;:&quot;normal&quot;,&quot;posts_per_page&quot;:&quot;12&quot;,&quot;orderby&quot;:&quot;date&quot;,&quot;order&quot;:&quot;DESC&quot;,&quot;additional_params&quot;:&quot;tax&quot;,&quot;tax&quot;:&quot;category&quot;,&quot;layout&quot;:&quot;standard&quot;,&quot;title_tag&quot;:&quot;h3&quot;,&quot;enable_animation&quot;:&quot;yes&quot;,&quot;enable_author_info&quot;:&quot;no&quot;,&quot;enable_read_more&quot;:&quot;yes&quot;,&quot;excerpt_length&quot;:&quot;145&quot;,&quot;pagination_type&quot;:&quot;standard&quot;,&quot;object_class_name&quot;:&quot;AlloggioCoreBlogListShortcode&quot;,&quot;taxonomy_filter&quot;:&quot;category&quot;,&quot;additional_query_args&quot;:[],&quot;space_value&quot;:15}\">\n\t\t<div class=\"qodef-grid-inner clear\">\n\t\t\t<div class=\"qodef-grid-masonry-sizer\"><\/div>\n\t<div class=\"qodef-grid-masonry-gutter\"><\/div>\n<article class=\"qodef-e qodef-blog-item qodef-grid-item post-7252 post type-post status-publish format-standard has-post-thumbnail hentry category-jardin-atacama\">\n\t<div class=\"qodef-e-inner\">\n\t\t<div class=\"qodef-e-media\">\n\t\t<div class=\"qodef-e-media-image\">\n\t\t<a itemprop=\"url\" href=\"https:\/\/jardinatacama.cl\/pt-br\/2026\/03\/03\/o-que-levar-para-san-pedro-de-atacama-lista-completa\/\">\n\t\t\t<img fetchpriority=\"high\" decoding=\"async\" width=\"1300\" height=\"823\" src=\"https:\/\/jardinatacama.cl\/wp-content\/uploads\/2026\/03\/Que_llevar_a_San-Pedro_de_Atacama.webp\" class=\"attachment-full size-full wp-post-image\" alt=\"O que levar para San Pedro de Atacama\" srcset=\"https:\/\/jardinatacama.cl\/wp-content\/uploads\/2026\/03\/Que_llevar_a_San-Pedro_de_Atacama.webp 1300w, https:\/\/jardinatacama.cl\/wp-content\/uploads\/2026\/03\/Que_llevar_a_San-Pedro_de_Atacama-300x190.webp 300w, https:\/\/jardinatacama.cl\/wp-content\/uploads\/2026\/03\/Que_llevar_a_San-Pedro_de_Atacama-1024x648.webp 1024w, https:\/\/jardinatacama.cl\/wp-content\/uploads\/2026\/03\/Que_llevar_a_San-Pedro_de_Atacama-768x486.webp 768w, https:\/\/jardinatacama.cl\/wp-content\/uploads\/2026\/03\/Que_llevar_a_San-Pedro_de_Atacama-600x380.webp 600w\" sizes=\"(max-width: 1300px) 100vw, 1300px\" \/>\t\t<\/a>\n\t<\/div>\n<\/div>\t\t<div class=\"qodef-e-content\">\n\t\t\t<div class=\"qodef-e-info qodef-info--top\">\n\t\t\t\t<div itemprop=\"dateCreated\" class=\"qodef-e-info-item qodef-e-info-date entry-date \">\n\t<a itemprop=\"url\" href=\"https:\/\/jardinatacama.cl\/pt-br\/2026\/03\/\">3 de mar\u00e7o de 2026<\/a>\n\t<meta itemprop=\"interactionCount\" content=\"UserComments: 0\"\/>\n<\/div>\t\t\t<\/div>\n\t\t\t<div class=\"qodef-e-text\">\n\t\t\t\t<h3 itemprop=\"name\" class=\"qodef-e-title entry-title\" >\n\t<a itemprop=\"url\" class=\"qodef-e-title-link\" href=\"https:\/\/jardinatacama.cl\/pt-br\/2026\/03\/03\/o-que-levar-para-san-pedro-de-atacama-lista-completa\/\">\n\t\tO que levar para San Pedro de Atacama | Lista completa\t<\/a>\n<\/h3>\t\t<p itemprop=\"description\" class=\"qodef-e-excerpt\">San Pedro de Atacama pode ser visitado o ano todo, mas cada esta\u00e7\u00e3o tem suas vantagens.<\/p>\n\t\t\t\t<\/div>\n\t\t\t\t\t\t\t<div class=\"qodef-e-info qodef-info--bottom\">\n\t\t\t\t\t\t<div class=\"qodef-e-read-more\">\n\t\t<a class=\"qodef-shortcode qodef-m qodef-button qodef-layout--textual qodef-html--link\" href=\"https:\/\/jardinatacama.cl\/pt-br\/2026\/03\/03\/o-que-levar-para-san-pedro-de-atacama-lista-completa\/\" target=\"_self\"  >\t<span class=\"qodef-m-text\">Ler mais<\/span>\t<span class=\"qodef-m-plus\"><\/span><\/a>\t<\/div>\n\t\t\t\t<\/div>\n\t\t\t\t\t<\/div>\n\t<\/div>\n<\/article><article class=\"qodef-e qodef-blog-item qodef-grid-item post-7246 post type-post status-publish format-standard has-post-thumbnail hentry category-jardin-atacama\">\n\t<div class=\"qodef-e-inner\">\n\t\t<div class=\"qodef-e-media\">\n\t\t<div class=\"qodef-e-media-image\">\n\t\t<a itemprop=\"url\" href=\"https:\/\/jardinatacama.cl\/pt-br\/2026\/02\/21\/melhor-epoca-para-viajar-para-san-pedro-de-atacama\/\">\n\t\t\t<img decoding=\"async\" width=\"1300\" height=\"823\" src=\"https:\/\/jardinatacama.cl\/wp-content\/uploads\/2026\/03\/Mejor_epoca_para_viajar_a_San_Pedro_de_Atacama.webp\" class=\"attachment-full size-full wp-post-image\" alt=\"Melhor \u00e9poca para viajar para San Pedro de Atacama\" srcset=\"https:\/\/jardinatacama.cl\/wp-content\/uploads\/2026\/03\/Mejor_epoca_para_viajar_a_San_Pedro_de_Atacama.webp 1300w, https:\/\/jardinatacama.cl\/wp-content\/uploads\/2026\/03\/Mejor_epoca_para_viajar_a_San_Pedro_de_Atacama-300x190.webp 300w, https:\/\/jardinatacama.cl\/wp-content\/uploads\/2026\/03\/Mejor_epoca_para_viajar_a_San_Pedro_de_Atacama-1024x648.webp 1024w, https:\/\/jardinatacama.cl\/wp-content\/uploads\/2026\/03\/Mejor_epoca_para_viajar_a_San_Pedro_de_Atacama-768x486.webp 768w, https:\/\/jardinatacama.cl\/wp-content\/uploads\/2026\/03\/Mejor_epoca_para_viajar_a_San_Pedro_de_Atacama-600x380.webp 600w\" sizes=\"(max-width: 1300px) 100vw, 1300px\" \/>\t\t<\/a>\n\t<\/div>\n<\/div>\t\t<div class=\"qodef-e-content\">\n\t\t\t<div class=\"qodef-e-info qodef-info--top\">\n\t\t\t\t<div itemprop=\"dateCreated\" class=\"qodef-e-info-item qodef-e-info-date entry-date \">\n\t<a itemprop=\"url\" href=\"https:\/\/jardinatacama.cl\/pt-br\/2026\/02\/\">21 de fevereiro de 2026<\/a>\n\t<meta itemprop=\"interactionCount\" content=\"UserComments: 0\"\/>\n<\/div>\t\t\t<\/div>\n\t\t\t<div class=\"qodef-e-text\">\n\t\t\t\t<h3 itemprop=\"name\" class=\"qodef-e-title entry-title\" >\n\t<a itemprop=\"url\" class=\"qodef-e-title-link\" href=\"https:\/\/jardinatacama.cl\/pt-br\/2026\/02\/21\/melhor-epoca-para-viajar-para-san-pedro-de-atacama\/\">\n\t\tMelhor \u00e9poca para viajar para San Pedro de Atacama\t<\/a>\n<\/h3>\t\t<p itemprop=\"description\" class=\"qodef-e-excerpt\">San Pedro de Atacama pode ser visitado o ano todo, mas cada esta\u00e7\u00e3o tem suas vantagens.<\/p>\n\t\t\t\t<\/div>\n\t\t\t\t\t\t\t<div class=\"qodef-e-info qodef-info--bottom\">\n\t\t\t\t\t\t<div class=\"qodef-e-read-more\">\n\t\t<a class=\"qodef-shortcode qodef-m qodef-button qodef-layout--textual qodef-html--link\" href=\"https:\/\/jardinatacama.cl\/pt-br\/2026\/02\/21\/melhor-epoca-para-viajar-para-san-pedro-de-atacama\/\" target=\"_self\"  >\t<span class=\"qodef-m-text\">Ler mais<\/span>\t<span class=\"qodef-m-plus\"><\/span><\/a>\t<\/div>\n\t\t\t\t<\/div>\n\t\t\t\t\t<\/div>\n\t<\/div>\n<\/article><article class=\"qodef-e qodef-blog-item qodef-grid-item post-7240 post type-post status-publish format-standard has-post-thumbnail hentry category-jardin-atacama\">\n\t<div class=\"qodef-e-inner\">\n\t\t<div class=\"qodef-e-media\">\n\t\t<div class=\"qodef-e-media-image\">\n\t\t<a itemprop=\"url\" href=\"https:\/\/jardinatacama.cl\/pt-br\/2026\/02\/04\/melhores-restaurantes-em-san-pedro-de-atacama\/\">\n\t\t\t<img decoding=\"async\" width=\"1300\" height=\"823\" src=\"https:\/\/jardinatacama.cl\/wp-content\/uploads\/2026\/03\/Mejores_restaurantes_en_San_Pedro_de_Atacama.webp\" class=\"attachment-full size-full wp-post-image\" alt=\"Melhores restaurantes em San Pedro de Atacama\" srcset=\"https:\/\/jardinatacama.cl\/wp-content\/uploads\/2026\/03\/Mejores_restaurantes_en_San_Pedro_de_Atacama.webp 1300w, https:\/\/jardinatacama.cl\/wp-content\/uploads\/2026\/03\/Mejores_restaurantes_en_San_Pedro_de_Atacama-300x190.webp 300w, https:\/\/jardinatacama.cl\/wp-content\/uploads\/2026\/03\/Mejores_restaurantes_en_San_Pedro_de_Atacama-1024x648.webp 1024w, https:\/\/jardinatacama.cl\/wp-content\/uploads\/2026\/03\/Mejores_restaurantes_en_San_Pedro_de_Atacama-768x486.webp 768w, https:\/\/jardinatacama.cl\/wp-content\/uploads\/2026\/03\/Mejores_restaurantes_en_San_Pedro_de_Atacama-600x380.webp 600w\" sizes=\"(max-width: 1300px) 100vw, 1300px\" \/>\t\t<\/a>\n\t<\/div>\n<\/div>\t\t<div class=\"qodef-e-content\">\n\t\t\t<div class=\"qodef-e-info qodef-info--top\">\n\t\t\t\t<div itemprop=\"dateCreated\" class=\"qodef-e-info-item qodef-e-info-date entry-date \">\n\t<a itemprop=\"url\" href=\"https:\/\/jardinatacama.cl\/pt-br\/2026\/02\/\">4 de fevereiro de 2026<\/a>\n\t<meta itemprop=\"interactionCount\" content=\"UserComments: 0\"\/>\n<\/div>\t\t\t<\/div>\n\t\t\t<div class=\"qodef-e-text\">\n\t\t\t\t<h3 itemprop=\"name\" class=\"qodef-e-title entry-title\" >\n\t<a itemprop=\"url\" class=\"qodef-e-title-link\" href=\"https:\/\/jardinatacama.cl\/pt-br\/2026\/02\/04\/melhores-restaurantes-em-san-pedro-de-atacama\/\">\n\t\tMelhores restaurantes em San Pedro de Atacama\t<\/a>\n<\/h3>\t\t<p itemprop=\"description\" class=\"qodef-e-excerpt\">San Pedro de Atacama tem uma oferta gastron\u00f4mica cada vez mais interessante, ideal para aproveitar ap\u00f3s um dia de passeios.<\/p>\n\t\t\t\t<\/div>\n\t\t\t\t\t\t\t<div class=\"qodef-e-info qodef-info--bottom\">\n\t\t\t\t\t\t<div class=\"qodef-e-read-more\">\n\t\t<a class=\"qodef-shortcode qodef-m qodef-button qodef-layout--textual qodef-html--link\" href=\"https:\/\/jardinatacama.cl\/pt-br\/2026\/02\/04\/melhores-restaurantes-em-san-pedro-de-atacama\/\" target=\"_self\"  >\t<span class=\"qodef-m-text\">Ler mais<\/span>\t<span class=\"qodef-m-plus\"><\/span><\/a>\t<\/div>\n\t\t\t\t<\/div>\n\t\t\t\t\t<\/div>\n\t<\/div>\n<\/article><article class=\"qodef-e qodef-blog-item qodef-grid-item post-7234 post type-post status-publish format-standard has-post-thumbnail hentry category-jardin-atacama\">\n\t<div class=\"qodef-e-inner\">\n\t\t<div class=\"qodef-e-media\">\n\t\t<div class=\"qodef-e-media-image\">\n\t\t<a itemprop=\"url\" href=\"https:\/\/jardinatacama.cl\/pt-br\/2026\/01\/15\/san-pedro-de-atacama-guia-essencial-para-sua-viagem\/\">\n\t\t\t<img loading=\"lazy\" decoding=\"async\" width=\"1300\" height=\"823\" src=\"https:\/\/jardinatacama.cl\/wp-content\/uploads\/2026\/03\/San_Pedro_de_Atacama_Guia_esencial_para_tu_viaje.webp\" class=\"attachment-full size-full wp-post-image\" alt=\"San Pedro de Atacama Guia essencial para sua viagem\" srcset=\"https:\/\/jardinatacama.cl\/wp-content\/uploads\/2026\/03\/San_Pedro_de_Atacama_Guia_esencial_para_tu_viaje.webp 1300w, https:\/\/jardinatacama.cl\/wp-content\/uploads\/2026\/03\/San_Pedro_de_Atacama_Guia_esencial_para_tu_viaje-300x190.webp 300w, https:\/\/jardinatacama.cl\/wp-content\/uploads\/2026\/03\/San_Pedro_de_Atacama_Guia_esencial_para_tu_viaje-1024x648.webp 1024w, https:\/\/jardinatacama.cl\/wp-content\/uploads\/2026\/03\/San_Pedro_de_Atacama_Guia_esencial_para_tu_viaje-768x486.webp 768w, https:\/\/jardinatacama.cl\/wp-content\/uploads\/2026\/03\/San_Pedro_de_Atacama_Guia_esencial_para_tu_viaje-600x380.webp 600w\" sizes=\"(max-width: 1300px) 100vw, 1300px\" \/>\t\t<\/a>\n\t<\/div>\n<\/div>\t\t<div class=\"qodef-e-content\">\n\t\t\t<div class=\"qodef-e-info qodef-info--top\">\n\t\t\t\t<div itemprop=\"dateCreated\" class=\"qodef-e-info-item qodef-e-info-date entry-date \">\n\t<a itemprop=\"url\" href=\"https:\/\/jardinatacama.cl\/pt-br\/2026\/01\/\">15 de janeiro de 2026<\/a>\n\t<meta itemprop=\"interactionCount\" content=\"UserComments: 0\"\/>\n<\/div>\t\t\t<\/div>\n\t\t\t<div class=\"qodef-e-text\">\n\t\t\t\t<h3 itemprop=\"name\" class=\"qodef-e-title entry-title\" >\n\t<a itemprop=\"url\" class=\"qodef-e-title-link\" href=\"https:\/\/jardinatacama.cl\/pt-br\/2026\/01\/15\/san-pedro-de-atacama-guia-essencial-para-sua-viagem\/\">\n\t\tSan Pedro de Atacama: Guia essencial para sua viagem\t<\/a>\n<\/h3>\t\t<p itemprop=\"description\" class=\"qodef-e-excerpt\">Viajar para San Pedro de Atacama \u00e9 uma experi\u00eancia \u00fanica, mas requer um pouco de planejamento para aproveitar ao m\u00e1ximo.<\/p>\n\t\t\t\t<\/div>\n\t\t\t\t\t\t\t<div class=\"qodef-e-info qodef-info--bottom\">\n\t\t\t\t\t\t<div class=\"qodef-e-read-more\">\n\t\t<a class=\"qodef-shortcode qodef-m qodef-button qodef-layout--textual qodef-html--link\" href=\"https:\/\/jardinatacama.cl\/pt-br\/2026\/01\/15\/san-pedro-de-atacama-guia-essencial-para-sua-viagem\/\" target=\"_self\"  >\t<span class=\"qodef-m-text\">Ler mais<\/span>\t<span class=\"qodef-m-plus\"><\/span><\/a>\t<\/div>\n\t\t\t\t<\/div>\n\t\t\t\t\t<\/div>\n\t<\/div>\n<\/article><article class=\"qodef-e qodef-blog-item qodef-grid-item post-7230 post type-post status-publish format-standard has-post-thumbnail hentry category-jardin-atacama\">\n\t<div class=\"qodef-e-inner\">\n\t\t<div class=\"qodef-e-media\">\n\t\t<div class=\"qodef-e-media-image\">\n\t\t<a itemprop=\"url\" href=\"https:\/\/jardinatacama.cl\/pt-br\/2026\/01\/05\/passeios-curtos-em-san-pedro-de-atacama\/\">\n\t\t\t<img loading=\"lazy\" decoding=\"async\" width=\"1300\" height=\"823\" src=\"https:\/\/jardinatacama.cl\/wp-content\/uploads\/2026\/03\/Paseos_cortos_en_San_Pedro_de_Atacama.webp\" class=\"attachment-full size-full wp-post-image\" alt=\"Passeios curtos em San Pedro de Atacama\" srcset=\"https:\/\/jardinatacama.cl\/wp-content\/uploads\/2026\/03\/Paseos_cortos_en_San_Pedro_de_Atacama.webp 1300w, https:\/\/jardinatacama.cl\/wp-content\/uploads\/2026\/03\/Paseos_cortos_en_San_Pedro_de_Atacama-300x190.webp 300w, https:\/\/jardinatacama.cl\/wp-content\/uploads\/2026\/03\/Paseos_cortos_en_San_Pedro_de_Atacama-1024x648.webp 1024w, https:\/\/jardinatacama.cl\/wp-content\/uploads\/2026\/03\/Paseos_cortos_en_San_Pedro_de_Atacama-768x486.webp 768w, https:\/\/jardinatacama.cl\/wp-content\/uploads\/2026\/03\/Paseos_cortos_en_San_Pedro_de_Atacama-600x380.webp 600w\" sizes=\"(max-width: 1300px) 100vw, 1300px\" \/>\t\t<\/a>\n\t<\/div>\n<\/div>\t\t<div class=\"qodef-e-content\">\n\t\t\t<div class=\"qodef-e-info qodef-info--top\">\n\t\t\t\t<div itemprop=\"dateCreated\" class=\"qodef-e-info-item qodef-e-info-date entry-date \">\n\t<a itemprop=\"url\" href=\"https:\/\/jardinatacama.cl\/pt-br\/2026\/01\/\">5 de janeiro de 2026<\/a>\n\t<meta itemprop=\"interactionCount\" content=\"UserComments: 0\"\/>\n<\/div>\t\t\t<\/div>\n\t\t\t<div class=\"qodef-e-text\">\n\t\t\t\t<h3 itemprop=\"name\" class=\"qodef-e-title entry-title\" >\n\t<a itemprop=\"url\" class=\"qodef-e-title-link\" href=\"https:\/\/jardinatacama.cl\/pt-br\/2026\/01\/05\/passeios-curtos-em-san-pedro-de-atacama\/\">\n\t\tPasseios curtos em San Pedro de Atacama\t<\/a>\n<\/h3>\t\t<p itemprop=\"description\" class=\"qodef-e-excerpt\">Nem tudo em San Pedro de Atacama s\u00e3o excurs\u00f5es longas. Tamb\u00e9m existem passeios pr\u00f3ximos, ideais para caminhar, se aclimatar e aproveitar sem <\/p>\n\t\t\t\t<\/div>\n\t\t\t\t\t\t\t<div class=\"qodef-e-info qodef-info--bottom\">\n\t\t\t\t\t\t<div class=\"qodef-e-read-more\">\n\t\t<a class=\"qodef-shortcode qodef-m qodef-button qodef-layout--textual qodef-html--link\" href=\"https:\/\/jardinatacama.cl\/pt-br\/2026\/01\/05\/passeios-curtos-em-san-pedro-de-atacama\/\" target=\"_self\"  >\t<span class=\"qodef-m-text\">Ler mais<\/span>\t<span class=\"qodef-m-plus\"><\/span><\/a>\t<\/div>\n\t\t\t\t<\/div>\n\t\t\t\t\t<\/div>\n\t<\/div>\n<\/article>\t<\/div>\n\t<\/div>\t\t\t\t<\/div>\n\t\t\t\t<\/div>\n\t\t\t\t\t<\/div>\n\t\t<\/div>\n\t\t\t\t\t<\/div>\n\t\t<\/section>\n\t\t\t\t<\/div>\n\t\t","protected":false},"excerpt":{"rendered":"<p>Blog marzo 3, 2026 Qu\u00e9 llevar a San Pedro de Atacama | Lista completa San Pedro de Atacama se puede visitar todo el a\u00f1o, pero cada temporada tiene sus ventajas. Leer m\u00e1s febrero 21, 2026 Mejor \u00e9poca para viajar a San Pedro de Atacama San Pedro de Atacama se puede visitar todo el a\u00f1o, pero [&hellip;]<\/p>\n","protected":false},"author":1,"featured_media":0,"parent":0,"menu_order":0,"comment_status":"closed","ping_status":"closed","template":"elementor_header_footer","meta":{"footnotes":""},"class_list":["post-7128","page","type-page","status-publish","hentry"],"_links":{"self":[{"href":"https:\/\/jardinatacama.cl\/pt-br\/wp-json\/wp\/v2\/pages\/7128","targetHints":{"allow":["GET"]}}],"collection":[{"href":"https:\/\/jardinatacama.cl\/pt-br\/wp-json\/wp\/v2\/pages"}],"about":[{"href":"https:\/\/jardinatacama.cl\/pt-br\/wp-json\/wp\/v2\/types\/page"}],"author":[{"embeddable":true,"href":"https:\/\/jardinatacama.cl\/pt-br\/wp-json\/wp\/v2\/users\/1"}],"replies":[{"embeddable":true,"href":"https:\/\/jardinatacama.cl\/pt-br\/wp-json\/wp\/v2\/comments?post=7128"}],"version-history":[{"count":1,"href":"https:\/\/jardinatacama.cl\/pt-br\/wp-json\/wp\/v2\/pages\/7128\/revisions"}],"predecessor-version":[{"id":7706,"href":"https:\/\/jardinatacama.cl\/pt-br\/wp-json\/wp\/v2\/pages\/7128\/revisions\/7706"}],"wp:attachment":[{"href":"https:\/\/jardinatacama.cl\/pt-br\/wp-json\/wp\/v2\/media?parent=7128"}],"curies":[{"name":"wp","href":"https:\/\/api.w.org\/{rel}","templated":true}]}}