{"id":7118,"date":"2025-12-30T16:18:06","date_gmt":"2025-12-30T16:18:06","guid":{"rendered":"https:\/\/jardinatacama.cl\/quartos\/"},"modified":"2026-04-15T16:41:55","modified_gmt":"2026-04-15T16:41:55","slug":"quartos-hotel-jardin-atacama","status":"publish","type":"page","link":"https:\/\/jardinatacama.cl\/pt-br\/quartos-hotel-jardin-atacama\/","title":{"rendered":"Quartos"},"content":{"rendered":"\t\t<div data-elementor-type=\"wp-page\" data-elementor-id=\"7118\" class=\"elementor elementor-7118 elementor-5639\">\n\t\t\t\t\t\t<section class=\"elementor-section elementor-top-section elementor-element elementor-element-916c783 elementor-section-full_width qodef-elementor-content-grid elementor-section-stretched elementor-section-height-default elementor-section-height-default\" data-id=\"916c783\" data-element_type=\"section\" data-e-type=\"section\" data-settings=\"{&quot;background_background&quot;:&quot;classic&quot;,&quot;stretch_section&quot;:&quot;section-stretched&quot;}\">\n\t\t\t\t\t\t\t<div class=\"elementor-background-overlay\"><\/div>\n\t\t\t\t\t\t\t<div class=\"elementor-container elementor-column-gap-no\">\n\t\t\t\t\t<div class=\"elementor-column elementor-col-100 elementor-top-column elementor-element elementor-element-83400bc\" data-id=\"83400bc\" data-element_type=\"column\" data-e-type=\"column\">\n\t\t\t<div class=\"elementor-widget-wrap elementor-element-populated\">\n\t\t\t\t\t\t<div class=\"elementor-element elementor-element-d04085b elementor-widget elementor-widget-heading\" data-id=\"d04085b\" data-element_type=\"widget\" data-e-type=\"widget\" data-widget_type=\"heading.default\">\n\t\t\t\t\t<h2 class=\"elementor-heading-title elementor-size-default\">Quartos<\/h2>\t\t\t\t<\/div>\n\t\t\t\t\t<\/div>\n\t\t<\/div>\n\t\t\t\t\t<\/div>\n\t\t<\/section>\n\t\t<div class=\"elementor-element elementor-element-4210076 e-con-full e-flex qodef-elementor-content-no e-con e-parent\" data-id=\"4210076\" data-element_type=\"container\" data-e-type=\"container\">\n\t\t<div class=\"elementor-element elementor-element-18e6de8b e-con-full e-flex qodef-elementor-content-no e-con e-child\" data-id=\"18e6de8b\" data-element_type=\"container\" data-e-type=\"container\">\n\t\t\t\t<div class=\"elementor-element elementor-element-469b961 elementor-widget elementor-widget-alloggio_core_room_list\" data-id=\"469b961\" data-element_type=\"widget\" data-e-type=\"widget\" data-widget_type=\"alloggio_core_room_list.default\">\n\t\t\t\t<div class=\"elementor-widget-container\">\n\t\t\t\t\t<div class=\"qodef-shortcode qodef-m qodef-room-list qodef-layout--boxed qodef-grid qodef-layout--columns qodef-gutter--normal qodef-col-num--1 qodef-item-layout--boxed qodef--no-bottom-space qodef-pagination--off qodef-responsive--predefined\" data-options=\"{&quot;plugin&quot;:&quot;alloggio_core&quot;,&quot;module&quot;:&quot;post-types\\\/room\\\/shortcodes&quot;,&quot;shortcode&quot;:&quot;room-list&quot;,&quot;post_type&quot;:&quot;room&quot;,&quot;next_page&quot;:&quot;2&quot;,&quot;max_pages_num&quot;:0,&quot;posts_per_page&quot;:&quot;-1&quot;,&quot;orderby&quot;:&quot;date&quot;,&quot;order&quot;:&quot;ASC&quot;,&quot;behavior&quot;:&quot;columns&quot;,&quot;images_proportion&quot;:&quot;full&quot;,&quot;columns&quot;:&quot;1&quot;,&quot;columns_responsive&quot;:&quot;predefined&quot;,&quot;columns_1440&quot;:&quot;3&quot;,&quot;columns_1366&quot;:&quot;3&quot;,&quot;columns_1024&quot;:&quot;3&quot;,&quot;columns_768&quot;:&quot;3&quot;,&quot;columns_680&quot;:&quot;3&quot;,&quot;columns_480&quot;:&quot;3&quot;,&quot;space&quot;:&quot;normal&quot;,&quot;layout&quot;:&quot;boxed&quot;,&quot;title_tag&quot;:&quot;h4&quot;,&quot;pagination_type&quot;:&quot;no-pagination&quot;,&quot;object_class_name&quot;:&quot;AlloggioCoreRoomListShortcode&quot;,&quot;additional_query_args&quot;:[],&quot;unique&quot;:&quot;1&quot;,&quot;item_classes&quot;:&quot;qodef-e qodef-room-list-item qodef-grid-item&quot;,&quot;space_value&quot;:15}\">\n\t<div class=\"qodef-grid-inner clear\">\n\t\t<article class=\"qodef-e qodef-room-list-item qodef-grid-item qodef-item--full\" >\n\t<div class=\"qodef-e-inner\">\n\t\t<div class=\"qodef-e-media\">\n\t\t\t<div class=\"qodef-e-img-holder\">\n\t\t\t\t\t<div class=\"qodef-e-media-image\" data-swiper-parallax=\"27%\">\n\t\t<a itemprop=\"url\" href=\"https:\/\/jardinatacama.cl\/pt-br\/room\/quarto-standard\/\">\n\t\t\t<img fetchpriority=\"high\" decoding=\"async\" width=\"800\" height=\"580\" src=\"https:\/\/jardinatacama.cl\/wp-content\/uploads\/2026\/01\/hotel-jardin-atacama-estandar-01.webp\" class=\"attachment-full size-full\" alt=\"Quarto standard do Hotel Jard\u00edn Atacama em San Pedro de Atacama\" srcset=\"https:\/\/jardinatacama.cl\/wp-content\/uploads\/2026\/01\/hotel-jardin-atacama-estandar-01.webp 800w, https:\/\/jardinatacama.cl\/wp-content\/uploads\/2026\/01\/hotel-jardin-atacama-estandar-01-300x218.webp 300w, https:\/\/jardinatacama.cl\/wp-content\/uploads\/2026\/01\/hotel-jardin-atacama-estandar-01-768x557.webp 768w, https:\/\/jardinatacama.cl\/wp-content\/uploads\/2026\/01\/hotel-jardin-atacama-estandar-01-600x435.webp 600w\" sizes=\"(max-width: 800px) 100vw, 800px\" \/>\t\t<\/a>\n\t<\/div>\n\t\t\t<\/div>\n\t\t<\/div>\n\t\t<div class=\"qodef-e-content\">\n\t\t\t<div class=\"qodef-e-heading\">\n\t\t\t\t<h4 itemprop=\"name\" class=\"qodef-e-title entry-title\" >\n\t<a itemprop=\"url\" href=\"https:\/\/jardinatacama.cl\/pt-br\/room\/quarto-standard\/\">\n\t\tQuarto Standard\t<\/a>\n<\/h4>\t\t\t\t\t\t\t<\/div>\n\t\t\t<div class=\"qodef-e-info-items\">\n\t\t\t\t\t\t\t\t\t<span class=\"qodef-e-room-size\">16m2<\/span>\n\t\t\t\t\t<span class=\"qodef-e-capacity\">2-2 pessoas<\/span>\n\t\t\t<\/div>\n\t\t\t\t\t<p itemprop=\"description\" class=\"qodef-e-excerpt\">Funcional, acolhedor e perfeito para descansar ap\u00f3s os passeios. Ideal para quem busca conforto e excelente localiza\u00e7\u00e3o.<\/p>\n\t\t\t\t<div class=\"qodef-e-button\">\n\t<a class=\"qodef-shortcode qodef-m qodef-button qodef-layout--textual qodef-size--normal qodef-html--link\" href=\"https:\/\/jardinatacama.cl\/pt-br\/room\/quarto-standard\/\" target=\"_self\"  >\t<span class=\"qodef-m-text\">Ver quarto<\/span>\t<span class=\"qodef-m-plus\"><\/span><\/a>\t\t<\/div>\t\t<\/div>\n\t<\/div>\n<\/article><article class=\"qodef-e qodef-room-list-item qodef-grid-item qodef-item--full\" >\n\t<div class=\"qodef-e-inner\">\n\t\t<div class=\"qodef-e-media\">\n\t\t\t<div class=\"qodef-e-img-holder\">\n\t\t\t\t\t<div class=\"qodef-e-media-image\" data-swiper-parallax=\"27%\">\n\t\t<a itemprop=\"url\" href=\"https:\/\/jardinatacama.cl\/pt-br\/room\/quarto-economico\/\">\n\t\t\t<img decoding=\"async\" width=\"800\" height=\"580\" src=\"https:\/\/jardinatacama.cl\/wp-content\/uploads\/2026\/01\/hotel-jardin-atacama-economica-01.webp\" class=\"attachment-full size-full\" alt=\"Quarto Econ\u00f4mico do Hotel Jard\u00edn Atacama em San Pedro de Atacama\" srcset=\"https:\/\/jardinatacama.cl\/wp-content\/uploads\/2026\/01\/hotel-jardin-atacama-economica-01.webp 800w, https:\/\/jardinatacama.cl\/wp-content\/uploads\/2026\/01\/hotel-jardin-atacama-economica-01-300x218.webp 300w, https:\/\/jardinatacama.cl\/wp-content\/uploads\/2026\/01\/hotel-jardin-atacama-economica-01-768x557.webp 768w, https:\/\/jardinatacama.cl\/wp-content\/uploads\/2026\/01\/hotel-jardin-atacama-economica-01-600x435.webp 600w\" sizes=\"(max-width: 800px) 100vw, 800px\" \/>\t\t<\/a>\n\t<\/div>\n\t\t\t<\/div>\n\t\t<\/div>\n\t\t<div class=\"qodef-e-content\">\n\t\t\t<div class=\"qodef-e-heading\">\n\t\t\t\t<h4 itemprop=\"name\" class=\"qodef-e-title entry-title\" >\n\t<a itemprop=\"url\" href=\"https:\/\/jardinatacama.cl\/pt-br\/room\/quarto-economico\/\">\n\t\tQuarto Econ\u00f4mico\t<\/a>\n<\/h4>\t\t\t\t\t\t\t<\/div>\n\t\t\t<div class=\"qodef-e-info-items\">\n\t\t\t\t\t\t\t\t\t<span class=\"qodef-e-room-size\">16m2<\/span>\n\t\t\t\t\t<span class=\"qodef-e-capacity\">2-2 pessoas<\/span>\n\t\t\t<\/div>\n\t\t\t\t\t<p itemprop=\"description\" class=\"qodef-e-excerpt\">A melhor op\u00e7\u00e3o para quem prioriza pre\u00e7o e localiza\u00e7\u00e3o, mantendo uma boa experi\u00eancia de descanso.<\/p>\n\t\t\t\t<div class=\"qodef-e-button\">\n\t<a class=\"qodef-shortcode qodef-m qodef-button qodef-layout--textual qodef-size--normal qodef-html--link\" href=\"https:\/\/jardinatacama.cl\/pt-br\/room\/quarto-economico\/\" target=\"_self\"  >\t<span class=\"qodef-m-text\">Ver quarto<\/span>\t<span class=\"qodef-m-plus\"><\/span><\/a>\t\t<\/div>\t\t<\/div>\n\t<\/div>\n<\/article><article class=\"qodef-e qodef-room-list-item qodef-grid-item qodef-item--full\" >\n\t<div class=\"qodef-e-inner\">\n\t\t<div class=\"qodef-e-media\">\n\t\t\t<div class=\"qodef-e-img-holder\">\n\t\t\t\t\t<div class=\"qodef-e-media-image\" data-swiper-parallax=\"27%\">\n\t\t<a itemprop=\"url\" href=\"https:\/\/jardinatacama.cl\/pt-br\/room\/quarto-superior\/\">\n\t\t\t<img decoding=\"async\" width=\"800\" height=\"580\" src=\"https:\/\/jardinatacama.cl\/wp-content\/uploads\/2026\/01\/hotel-jardin-atacama-superior-01.webp\" class=\"attachment-full size-full\" alt=\"Quarto superior do Hotel Jard\u00edn Atacama em San Pedro de Atacama\" srcset=\"https:\/\/jardinatacama.cl\/wp-content\/uploads\/2026\/01\/hotel-jardin-atacama-superior-01.webp 800w, https:\/\/jardinatacama.cl\/wp-content\/uploads\/2026\/01\/hotel-jardin-atacama-superior-01-300x218.webp 300w, https:\/\/jardinatacama.cl\/wp-content\/uploads\/2026\/01\/hotel-jardin-atacama-superior-01-768x557.webp 768w, https:\/\/jardinatacama.cl\/wp-content\/uploads\/2026\/01\/hotel-jardin-atacama-superior-01-600x435.webp 600w\" sizes=\"(max-width: 800px) 100vw, 800px\" \/>\t\t<\/a>\n\t<\/div>\n\t\t\t<\/div>\n\t\t<\/div>\n\t\t<div class=\"qodef-e-content\">\n\t\t\t<div class=\"qodef-e-heading\">\n\t\t\t\t<h4 itemprop=\"name\" class=\"qodef-e-title entry-title\" >\n\t<a itemprop=\"url\" href=\"https:\/\/jardinatacama.cl\/pt-br\/room\/quarto-superior\/\">\n\t\tQuarto Superior\t<\/a>\n<\/h4>\t\t\t\t\t\t\t<\/div>\n\t\t\t<div class=\"qodef-e-info-items\">\n\t\t\t\t\t\t\t\t\t<span class=\"qodef-e-room-size\">20m2<\/span>\n\t\t\t\t\t<span class=\"qodef-e-capacity\">2-2 pessoas<\/span>\n\t\t\t<\/div>\n\t\t\t\t\t<p itemprop=\"description\" class=\"qodef-e-excerpt\">Um pouco mais de espa\u00e7o para maior conforto. Ideal para estadias mais longas ou para quem busca um n\u00edvel extra de conforto. <\/p>\n\t\t\t\t<div class=\"qodef-e-button\">\n\t<a class=\"qodef-shortcode qodef-m qodef-button qodef-layout--textual qodef-size--normal qodef-html--link\" href=\"https:\/\/jardinatacama.cl\/pt-br\/room\/quarto-superior\/\" target=\"_self\"  >\t<span class=\"qodef-m-text\">Ver quarto<\/span>\t<span class=\"qodef-m-plus\"><\/span><\/a>\t\t<\/div>\t\t<\/div>\n\t<\/div>\n<\/article><article class=\"qodef-e qodef-room-list-item qodef-grid-item qodef-item--full\" >\n\t<div class=\"qodef-e-inner\">\n\t\t<div class=\"qodef-e-media\">\n\t\t\t<div class=\"qodef-e-img-holder\">\n\t\t\t\t\t<div class=\"qodef-e-media-image\" data-swiper-parallax=\"27%\">\n\t\t<a itemprop=\"url\" href=\"https:\/\/jardinatacama.cl\/pt-br\/room\/quarto-familiar\/\">\n\t\t\t<img loading=\"lazy\" decoding=\"async\" width=\"800\" height=\"580\" src=\"https:\/\/jardinatacama.cl\/wp-content\/uploads\/2026\/01\/hotel-jardin-atacama-familiar-superior-01.webp\" class=\"attachment-full size-full\" alt=\"Quarto familiar superior do Hotel Jard\u00edn Atacama em San Pedro de Atacama\" srcset=\"https:\/\/jardinatacama.cl\/wp-content\/uploads\/2026\/01\/hotel-jardin-atacama-familiar-superior-01.webp 800w, https:\/\/jardinatacama.cl\/wp-content\/uploads\/2026\/01\/hotel-jardin-atacama-familiar-superior-01-300x218.webp 300w, https:\/\/jardinatacama.cl\/wp-content\/uploads\/2026\/01\/hotel-jardin-atacama-familiar-superior-01-768x557.webp 768w, https:\/\/jardinatacama.cl\/wp-content\/uploads\/2026\/01\/hotel-jardin-atacama-familiar-superior-01-600x435.webp 600w\" sizes=\"(max-width: 800px) 100vw, 800px\" \/>\t\t<\/a>\n\t<\/div>\n\t\t\t<\/div>\n\t\t<\/div>\n\t\t<div class=\"qodef-e-content\">\n\t\t\t<div class=\"qodef-e-heading\">\n\t\t\t\t<h4 itemprop=\"name\" class=\"qodef-e-title entry-title\" >\n\t<a itemprop=\"url\" href=\"https:\/\/jardinatacama.cl\/pt-br\/room\/quarto-familiar\/\">\n\t\tQuarto Familiar\t<\/a>\n<\/h4>\t\t\t\t\t\t\t<\/div>\n\t\t\t<div class=\"qodef-e-info-items\">\n\t\t\t\t\t\t\t\t\t<span class=\"qodef-e-room-size\">25m2<\/span>\n\t\t\t\t\t<span class=\"qodef-e-capacity\">2-4 pessoas<\/span>\n\t\t\t<\/div>\n\t\t\t\t\t<p itemprop=\"description\" class=\"qodef-e-excerpt\">Um espa\u00e7o confort\u00e1vel para fam\u00edlias ou pequenos grupos, com boa distribui\u00e7\u00e3o e descanso garantido.<\/p>\n\t\t\t\t<div class=\"qodef-e-button\">\n\t<a class=\"qodef-shortcode qodef-m qodef-button qodef-layout--textual qodef-size--normal qodef-html--link\" href=\"https:\/\/jardinatacama.cl\/pt-br\/room\/quarto-familiar\/\" target=\"_self\"  >\t<span class=\"qodef-m-text\">Ver quarto<\/span>\t<span class=\"qodef-m-plus\"><\/span><\/a>\t\t<\/div>\t\t<\/div>\n\t<\/div>\n<\/article><article class=\"qodef-e qodef-room-list-item qodef-grid-item qodef-item--full\" >\n\t<div class=\"qodef-e-inner\">\n\t\t<div class=\"qodef-e-media\">\n\t\t\t<div class=\"qodef-e-img-holder\">\n\t\t\t\t\t<div class=\"qodef-e-media-image\" data-swiper-parallax=\"27%\">\n\t\t<a itemprop=\"url\" href=\"https:\/\/jardinatacama.cl\/pt-br\/room\/quarto-familiar-economico\/\">\n\t\t\t<img loading=\"lazy\" decoding=\"async\" width=\"800\" height=\"580\" src=\"https:\/\/jardinatacama.cl\/wp-content\/uploads\/2026\/01\/hotel-jardin-atacama-familiar-economica-01.webp\" class=\"attachment-full size-full\" alt=\"Quarto familiar econ\u00f4mico do Hotel Jard\u00edn Atacama em San Pedro de Atacama\" srcset=\"https:\/\/jardinatacama.cl\/wp-content\/uploads\/2026\/01\/hotel-jardin-atacama-familiar-economica-01.webp 800w, https:\/\/jardinatacama.cl\/wp-content\/uploads\/2026\/01\/hotel-jardin-atacama-familiar-economica-01-300x218.webp 300w, https:\/\/jardinatacama.cl\/wp-content\/uploads\/2026\/01\/hotel-jardin-atacama-familiar-economica-01-768x557.webp 768w, https:\/\/jardinatacama.cl\/wp-content\/uploads\/2026\/01\/hotel-jardin-atacama-familiar-economica-01-600x435.webp 600w\" sizes=\"(max-width: 800px) 100vw, 800px\" \/>\t\t<\/a>\n\t<\/div>\n\t\t\t<\/div>\n\t\t<\/div>\n\t\t<div class=\"qodef-e-content\">\n\t\t\t<div class=\"qodef-e-heading\">\n\t\t\t\t<h4 itemprop=\"name\" class=\"qodef-e-title entry-title\" >\n\t<a itemprop=\"url\" href=\"https:\/\/jardinatacama.cl\/pt-br\/room\/quarto-familiar-economico\/\">\n\t\tQuarto Familiar Econ\u00f4mico\t<\/a>\n<\/h4>\t\t\t\t\t\t\t<\/div>\n\t\t\t<div class=\"qodef-e-info-items\">\n\t\t\t\t\t\t\t\t\t<span class=\"qodef-e-room-size\">25m2<\/span>\n\t\t\t\t\t<span class=\"qodef-e-capacity\">2-4 pessoas<\/span>\n\t\t\t<\/div>\n\t\t\t\t\t<p itemprop=\"description\" class=\"qodef-e-excerpt\">A op\u00e7\u00e3o mais conveniente para fam\u00edlias. Localizado pr\u00f3ximo \u00e0 rua e \u00e0 recep\u00e7\u00e3o, podendo ser mais barulhento. Ideal para quem prioriza espa\u00e7o e pre\u00e7o.<\/p>\n\t\t\t\t<div class=\"qodef-e-button\">\n\t<a class=\"qodef-shortcode qodef-m qodef-button qodef-layout--textual qodef-size--normal qodef-html--link\" href=\"https:\/\/jardinatacama.cl\/pt-br\/room\/quarto-familiar-economico\/\" target=\"_self\"  >\t<span class=\"qodef-m-text\">Ver quarto<\/span>\t<span class=\"qodef-m-plus\"><\/span><\/a>\t\t<\/div>\t\t<\/div>\n\t<\/div>\n<\/article><article class=\"qodef-e qodef-room-list-item qodef-grid-item qodef-item--full\" >\n\t<div class=\"qodef-e-inner\">\n\t\t<div class=\"qodef-e-media\">\n\t\t\t<div class=\"qodef-e-img-holder\">\n\t\t\t\t\t<div class=\"qodef-e-media-image\" data-swiper-parallax=\"27%\">\n\t\t<a itemprop=\"url\" href=\"https:\/\/jardinatacama.cl\/pt-br\/room\/suite-familiar\/\">\n\t\t\t<img loading=\"lazy\" decoding=\"async\" width=\"800\" height=\"580\" src=\"https:\/\/jardinatacama.cl\/wp-content\/uploads\/2026\/03\/hotel-jardin-atacama-suite-familiar-01.webp\" class=\"attachment-full size-full\" alt=\"Su\u00edte Familiar Hotel Jard\u00edn Atacama\" srcset=\"https:\/\/jardinatacama.cl\/wp-content\/uploads\/2026\/03\/hotel-jardin-atacama-suite-familiar-01.webp 800w, https:\/\/jardinatacama.cl\/wp-content\/uploads\/2026\/03\/hotel-jardin-atacama-suite-familiar-01-300x218.webp 300w, https:\/\/jardinatacama.cl\/wp-content\/uploads\/2026\/03\/hotel-jardin-atacama-suite-familiar-01-768x557.webp 768w, https:\/\/jardinatacama.cl\/wp-content\/uploads\/2026\/03\/hotel-jardin-atacama-suite-familiar-01-600x435.webp 600w\" sizes=\"(max-width: 800px) 100vw, 800px\" \/>\t\t<\/a>\n\t<\/div>\n\t\t\t<\/div>\n\t\t<\/div>\n\t\t<div class=\"qodef-e-content\">\n\t\t\t<div class=\"qodef-e-heading\">\n\t\t\t\t<h4 itemprop=\"name\" class=\"qodef-e-title entry-title\" >\n\t<a itemprop=\"url\" href=\"https:\/\/jardinatacama.cl\/pt-br\/room\/suite-familiar\/\">\n\t\tSu\u00edte Familiar\t<\/a>\n<\/h4>\t\t\t\t\t\t\t<\/div>\n\t\t\t<div class=\"qodef-e-info-items\">\n\t\t\t\t\t\t\t\t\t<span class=\"qodef-e-room-size\">25m2<\/span>\n\t\t\t\t\t<span class=\"qodef-e-capacity\">2-4 pessoas<\/span>\n\t\t\t<\/div>\n\t\t\t\t\t<p itemprop=\"description\" class=\"qodef-e-excerpt\">Um espa\u00e7o confort\u00e1vel para fam\u00edlias ou pequenos grupos, com boa distribui\u00e7\u00e3o e descanso garantido.<\/p>\n\t\t\t\t<div class=\"qodef-e-button\">\n\t<a class=\"qodef-shortcode qodef-m qodef-button qodef-layout--textual qodef-size--normal qodef-html--link\" href=\"https:\/\/jardinatacama.cl\/pt-br\/room\/suite-familiar\/\" target=\"_self\"  >\t<span class=\"qodef-m-text\">Ver quarto<\/span>\t<span class=\"qodef-m-plus\"><\/span><\/a>\t\t<\/div>\t\t<\/div>\n\t<\/div>\n<\/article>\t<\/div>\n\t<\/div>\t\t\t\t<\/div>\n\t\t\t\t<\/div>\n\t\t\t\t<\/div>\n\t\t<div class=\"elementor-element elementor-element-4bf5e1fa e-con-full e-flex qodef-elementor-content-no e-con e-child\" data-id=\"4bf5e1fa\" data-element_type=\"container\" data-e-type=\"container\">\n\t\t\t\t<div class=\"elementor-element elementor-element-368fc59f formulario-sidebar elementor-widget elementor-widget-shortcode\" data-id=\"368fc59f\" data-element_type=\"widget\" data-e-type=\"widget\" data-widget_type=\"shortcode.default\">\n\t\t\t\t\t\t\t<div class=\"elementor-shortcode\"><form class=\"zak-booking-form zak-booking-form--sidebar\"\r\n      data-zak-ep=\"f2ce95c5\"\r\n      data-zak-base=\"https:\/\/wubook.net\/nneb\/bk\/\"\r\n      data-lang=\"br\"\r\n      data-currency=\"USD\">\r\n\r\n<label>\r\nCheck-in\r\n<input type=\"text\"\r\n           name=\"checkin\"\r\n           class=\"zak-datepicker\"\r\n           placeholder=\"DD\/MM\/YYYY\"\r\n           autocomplete=\"off\"\r\n           required>\r\n<\/label>\r\n\r\n<label>\r\nCheck-out\r\n<input type=\"text\"\r\n           name=\"checkout\"\r\n           class=\"zak-datepicker\"\r\n           placeholder=\"DD\/MM\/YYYY\"\r\n           autocomplete=\"off\"\r\n           required>\r\n<\/label>\r\n\r\n<label>\r\nAdultos\r\n<select name=\"adults\" required>\r\n<option value=\"1\">1 adulto<\/option>\r\n<option value=\"2\" selected>2 adultos<\/option>\r\n<option value=\"3\">3 adultos<\/option>\r\n<option value=\"4\">4 adultos<\/option>\r\n<\/select>\r\n<\/label>\r\n\r\n<button type=\"submit\" class=\"btn btn-primary btn-block\">\r\nReservar\r\n<\/button>\r\n<\/form>\r\n<\/div>\n\t\t\t\t\t\t<\/div>\n\t\t\t\t<\/div>\n\t\t\t\t<\/div>\n\t\t\t\t<\/div>\n\t\t","protected":false},"excerpt":{"rendered":"<p>Quartos Quarto Standard 16m2 2-2 personas Funcional, acolhedor e perfeito para descansar ap\u00f3s os passeios. Ideal para quem busca conforto e excelente localiza\u00e7\u00e3o. Ver habitaci\u00f3n Quarto Econ\u00f4mico 16m2 2-2 personas A melhor op\u00e7\u00e3o para quem prioriza pre\u00e7o e localiza\u00e7\u00e3o, mantendo uma boa experi\u00eancia de descanso. Ver habitaci\u00f3n Quarto Superior 20m2 2-2 personas Um pouco mais [&hellip;]<\/p>\n","protected":false},"author":1,"featured_media":0,"parent":0,"menu_order":0,"comment_status":"closed","ping_status":"closed","template":"","meta":{"footnotes":""},"class_list":["post-7118","page","type-page","status-publish","hentry"],"_links":{"self":[{"href":"https:\/\/jardinatacama.cl\/pt-br\/wp-json\/wp\/v2\/pages\/7118","targetHints":{"allow":["GET"]}}],"collection":[{"href":"https:\/\/jardinatacama.cl\/pt-br\/wp-json\/wp\/v2\/pages"}],"about":[{"href":"https:\/\/jardinatacama.cl\/pt-br\/wp-json\/wp\/v2\/types\/page"}],"author":[{"embeddable":true,"href":"https:\/\/jardinatacama.cl\/pt-br\/wp-json\/wp\/v2\/users\/1"}],"replies":[{"embeddable":true,"href":"https:\/\/jardinatacama.cl\/pt-br\/wp-json\/wp\/v2\/comments?post=7118"}],"version-history":[{"count":0,"href":"https:\/\/jardinatacama.cl\/pt-br\/wp-json\/wp\/v2\/pages\/7118\/revisions"}],"wp:attachment":[{"href":"https:\/\/jardinatacama.cl\/pt-br\/wp-json\/wp\/v2\/media?parent=7118"}],"curies":[{"name":"wp","href":"https:\/\/api.w.org\/{rel}","templated":true}]}}