{"id":7111,"date":"2020-04-01T09:13:11","date_gmt":"2020-04-01T09:13:11","guid":{"rendered":"https:\/\/jardinatacama.cl\/faq\/"},"modified":"2026-04-15T16:49:10","modified_gmt":"2026-04-15T16:49:10","slug":"faq-jardin-atacama","status":"publish","type":"page","link":"https:\/\/jardinatacama.cl\/pt-br\/faq-jardin-atacama\/","title":{"rendered":"FAQ"},"content":{"rendered":"\t\t<div data-elementor-type=\"wp-page\" data-elementor-id=\"7111\" class=\"elementor elementor-7111 elementor-2694\">\n\t\t\t\t\t\t<section class=\"elementor-section elementor-top-section elementor-element elementor-element-5d9363f elementor-section-full_width qodef-elementor-content-grid elementor-section-height-default elementor-section-height-default\" data-id=\"5d9363f\" data-element_type=\"section\" data-e-type=\"section\" data-settings=\"{&quot;background_background&quot;:&quot;classic&quot;}\">\n\t\t\t\t\t\t\t<div class=\"elementor-background-overlay\"><\/div>\n\t\t\t\t\t\t\t<div class=\"elementor-container elementor-column-gap-no\">\n\t\t\t\t\t<div class=\"elementor-column elementor-col-100 elementor-top-column elementor-element elementor-element-c310cd0\" data-id=\"c310cd0\" data-element_type=\"column\" data-e-type=\"column\">\n\t\t\t<div class=\"elementor-widget-wrap elementor-element-populated\">\n\t\t\t\t\t\t<div class=\"elementor-element elementor-element-70ec8b6 elementor-widget elementor-widget-heading\" data-id=\"70ec8b6\" data-element_type=\"widget\" data-e-type=\"widget\" data-widget_type=\"heading.default\">\n\t\t\t\t\t<h2 class=\"elementor-heading-title elementor-size-default\">FAQ<\/h2>\t\t\t\t<\/div>\n\t\t\t\t\t<\/div>\n\t\t<\/div>\n\t\t\t\t\t<\/div>\n\t\t<\/section>\n\t\t\t\t<section class=\"elementor-section elementor-top-section elementor-element elementor-element-ba24173 elementor-section-full_width qodef-elementor-content-grid elementor-section-height-default elementor-section-height-default\" data-id=\"ba24173\" data-element_type=\"section\" data-e-type=\"section\">\n\t\t\t\t\t\t<div class=\"elementor-container elementor-column-gap-no\">\n\t\t\t\t\t<div class=\"elementor-column elementor-col-100 elementor-top-column elementor-element elementor-element-ad81f16\" data-id=\"ad81f16\" data-element_type=\"column\" data-e-type=\"column\">\n\t\t\t<div class=\"elementor-widget-wrap elementor-element-populated\">\n\t\t\t\t\t\t<div class=\"elementor-element elementor-element-d64820d elementor-widget elementor-widget-heading\" data-id=\"d64820d\" data-element_type=\"widget\" data-e-type=\"widget\" data-widget_type=\"heading.default\">\n\t\t\t\t\t<h1 class=\"elementor-heading-title elementor-size-default\">Reservas e Pagamentos<\/h1>\t\t\t\t<\/div>\n\t\t\t\t<div class=\"elementor-element elementor-element-72257c1 elementor-widget-divider--view-line elementor-widget elementor-widget-divider\" data-id=\"72257c1\" data-element_type=\"widget\" data-e-type=\"widget\" data-widget_type=\"divider.default\">\n\t\t\t\t\t\t\t<div class=\"elementor-divider\">\n\t\t\t<span class=\"elementor-divider-separator\">\n\t\t\t\t\t\t<\/span>\n\t\t<\/div>\n\t\t\t\t\t\t<\/div>\n\t\t\t\t<div class=\"elementor-element elementor-element-3dc2385 elementor-widget elementor-widget-alloggio_core_accordion\" data-id=\"3dc2385\" data-element_type=\"widget\" data-e-type=\"widget\" data-widget_type=\"alloggio_core_accordion.default\">\n\t\t\t\t<div class=\"elementor-widget-container\">\n\t\t\t\t\t<div class=\"qodef-shortcode qodef-m qodef-accordion clear qodef-behavior--accordion qodef-layout--simple\">\n\t<h4 class=\"qodef-accordion-title\">\n\t<span class=\"qodef-tab-title\">\n\t\tPosso reservar sem cart\u00e3o de cr\u00e9dito?\t<\/span>\n\t<span class=\"qodef-accordion-mark\">\n\t\t<span class=\"qodef-icon--arrow-down\"><span class=\"qodef-icon-linea-icons icon-arrows-down\" ><\/span><\/span>\n\t\t<span class=\"qodef-icon--arrow-up\"><span class=\"qodef-icon-linea-icons icon-arrows-up\" ><\/span><\/span>\n\t<\/span>\n<\/h4>\n<div class=\"qodef-accordion-content\">\n\t<div class=\"qodef-accordion-content-inner\">\n\t\tN\u00e3o, \u00e9 necess\u00e1rio inserir um cart\u00e3o de cr\u00e9dito v\u00e1lido para confirmar a reserva.\t<\/div>\n<\/div><h4 class=\"qodef-accordion-title\">\n\t<span class=\"qodef-tab-title\">\n\t\tQuais s\u00e3o as formas de pagamento?\t<\/span>\n\t<span class=\"qodef-accordion-mark\">\n\t\t<span class=\"qodef-icon--arrow-down\"><span class=\"qodef-icon-linea-icons icon-arrows-down\" ><\/span><\/span>\n\t\t<span class=\"qodef-icon--arrow-up\"><span class=\"qodef-icon-linea-icons icon-arrows-up\" ><\/span><\/span>\n\t<\/span>\n<\/h4>\n<div class=\"qodef-accordion-content\">\n\t<div class=\"qodef-accordion-content-inner\">\n\t\tEm CLP aceitamos transfer\u00eancia, cart\u00f5es de cr\u00e9dito\/d\u00e9bito e dinheiro. Em USD aceitamos cart\u00e3o de cr\u00e9dito ou dinheiro. \t<\/div>\n<\/div><h4 class=\"qodef-accordion-title\">\n\t<span class=\"qodef-tab-title\">\n\t\tPosso n\u00e3o pagar IVA?\t<\/span>\n\t<span class=\"qodef-accordion-mark\">\n\t\t<span class=\"qodef-icon--arrow-down\"><span class=\"qodef-icon-linea-icons icon-arrows-down\" ><\/span><\/span>\n\t\t<span class=\"qodef-icon--arrow-up\"><span class=\"qodef-icon-linea-icons icon-arrows-up\" ><\/span><\/span>\n\t<\/span>\n<\/h4>\n<div class=\"qodef-accordion-content\">\n\t<div class=\"qodef-accordion-content-inner\">\n\t\tSim, se voc\u00ea for estrangeiro n\u00e3o residente no Chile. Deve apresentar seu passaporte com carimbo de entrada, comprovante de entrada (PDI) e pagar em USD. \t<\/div>\n<\/div><\/div>\t\t\t\t<\/div>\n\t\t\t\t<\/div>\n\t\t\t\t<div class=\"elementor-element elementor-element-687aebc elementor-widget elementor-widget-heading\" data-id=\"687aebc\" data-element_type=\"widget\" data-e-type=\"widget\" data-widget_type=\"heading.default\">\n\t\t\t\t\t<h1 class=\"elementor-heading-title elementor-size-default\">Check-in e check-out<\/h1>\t\t\t\t<\/div>\n\t\t\t\t<div class=\"elementor-element elementor-element-ff206e4 elementor-widget-divider--view-line elementor-widget elementor-widget-divider\" data-id=\"ff206e4\" data-element_type=\"widget\" data-e-type=\"widget\" data-widget_type=\"divider.default\">\n\t\t\t\t\t\t\t<div class=\"elementor-divider\">\n\t\t\t<span class=\"elementor-divider-separator\">\n\t\t\t\t\t\t<\/span>\n\t\t<\/div>\n\t\t\t\t\t\t<\/div>\n\t\t\t\t<div class=\"elementor-element elementor-element-0a2ebdd elementor-widget elementor-widget-alloggio_core_accordion\" data-id=\"0a2ebdd\" data-element_type=\"widget\" data-e-type=\"widget\" data-widget_type=\"alloggio_core_accordion.default\">\n\t\t\t\t<div class=\"elementor-widget-container\">\n\t\t\t\t\t<div class=\"qodef-shortcode qodef-m qodef-accordion clear qodef-behavior--accordion qodef-layout--simple\">\n\t<h4 class=\"qodef-accordion-title\">\n\t<span class=\"qodef-tab-title\">\n\t\tPosso fazer check-in antes do hor\u00e1rio indicado?\t<\/span>\n\t<span class=\"qodef-accordion-mark\">\n\t\t<span class=\"qodef-icon--arrow-down\"><span class=\"qodef-icon-linea-icons icon-arrows-down\" ><\/span><\/span>\n\t\t<span class=\"qodef-icon--arrow-up\"><span class=\"qodef-icon-linea-icons icon-arrows-up\" ><\/span><\/span>\n\t<\/span>\n<\/h4>\n<div class=\"qodef-accordion-content\">\n\t<div class=\"qodef-accordion-content-inner\">\n\t\tSim, desde que o quarto esteja dispon\u00edvel. Deve confirmar ao chegar. \t<\/div>\n<\/div><h4 class=\"qodef-accordion-title\">\n\t<span class=\"qodef-tab-title\">\n\t\tPosso fazer check-out mais tarde?\t<\/span>\n\t<span class=\"qodef-accordion-mark\">\n\t\t<span class=\"qodef-icon--arrow-down\"><span class=\"qodef-icon-linea-icons icon-arrows-down\" ><\/span><\/span>\n\t\t<span class=\"qodef-icon--arrow-up\"><span class=\"qodef-icon-linea-icons icon-arrows-up\" ><\/span><\/span>\n\t<\/span>\n<\/h4>\n<div class=\"qodef-accordion-content\">\n\t<div class=\"qodef-accordion-content-inner\">\n\t\tVoc\u00ea pode solicitar late check-out na recep\u00e7\u00e3o, sujeito \u00e0 disponibilidade.\t<\/div>\n<\/div><\/div>\t\t\t\t<\/div>\n\t\t\t\t<\/div>\n\t\t\t\t<div class=\"elementor-element elementor-element-578245d elementor-widget elementor-widget-heading\" data-id=\"578245d\" data-element_type=\"widget\" data-e-type=\"widget\" data-widget_type=\"heading.default\">\n\t\t\t\t\t<h1 class=\"elementor-heading-title elementor-size-default\">Servi\u00e7os e Comodidades<\/h1>\t\t\t\t<\/div>\n\t\t\t\t<div class=\"elementor-element elementor-element-0656e8d elementor-widget-divider--view-line elementor-widget elementor-widget-divider\" data-id=\"0656e8d\" data-element_type=\"widget\" data-e-type=\"widget\" data-widget_type=\"divider.default\">\n\t\t\t\t\t\t\t<div class=\"elementor-divider\">\n\t\t\t<span class=\"elementor-divider-separator\">\n\t\t\t\t\t\t<\/span>\n\t\t<\/div>\n\t\t\t\t\t\t<\/div>\n\t\t\t\t<div class=\"elementor-element elementor-element-e872ae7 elementor-widget elementor-widget-alloggio_core_accordion\" data-id=\"e872ae7\" data-element_type=\"widget\" data-e-type=\"widget\" data-widget_type=\"alloggio_core_accordion.default\">\n\t\t\t\t<div class=\"elementor-widget-container\">\n\t\t\t\t\t<div class=\"qodef-shortcode qodef-m qodef-accordion clear qodef-behavior--accordion qodef-layout--simple\">\n\t<h4 class=\"qodef-accordion-title\">\n\t<span class=\"qodef-tab-title\">\n\t\tO caf\u00e9 da manh\u00e3 est\u00e1 inclu\u00eddo?\t<\/span>\n\t<span class=\"qodef-accordion-mark\">\n\t\t<span class=\"qodef-icon--arrow-down\"><span class=\"qodef-icon-linea-icons icon-arrows-down\" ><\/span><\/span>\n\t\t<span class=\"qodef-icon--arrow-up\"><span class=\"qodef-icon-linea-icons icon-arrows-up\" ><\/span><\/span>\n\t<\/span>\n<\/h4>\n<div class=\"qodef-accordion-content\">\n\t<div class=\"qodef-accordion-content-inner\">\n\t\tSim, todas as tarifas incluem caf\u00e9 da manh\u00e3 buffet estilo continental.\t<\/div>\n<\/div><h4 class=\"qodef-accordion-title\">\n\t<span class=\"qodef-tab-title\">\n\t\tVoc\u00eas t\u00eam piscina?\t<\/span>\n\t<span class=\"qodef-accordion-mark\">\n\t\t<span class=\"qodef-icon--arrow-down\"><span class=\"qodef-icon-linea-icons icon-arrows-down\" ><\/span><\/span>\n\t\t<span class=\"qodef-icon--arrow-up\"><span class=\"qodef-icon-linea-icons icon-arrows-up\" ><\/span><\/span>\n\t<\/span>\n<\/h4>\n<div class=\"qodef-accordion-content\">\n\t<div class=\"qodef-accordion-content-inner\">\n\t\tSim, contamos com piscina para uso dos nossos h\u00f3spedes.\t<\/div>\n<\/div><h4 class=\"qodef-accordion-title\">\n\t<span class=\"qodef-tab-title\">\n\t\tVoc\u00eas t\u00eam ar-condicionado?\t<\/span>\n\t<span class=\"qodef-accordion-mark\">\n\t\t<span class=\"qodef-icon--arrow-down\"><span class=\"qodef-icon-linea-icons icon-arrows-down\" ><\/span><\/span>\n\t\t<span class=\"qodef-icon--arrow-up\"><span class=\"qodef-icon-linea-icons icon-arrows-up\" ><\/span><\/span>\n\t<\/span>\n<\/h4>\n<div class=\"qodef-accordion-content\">\n\t<div class=\"qodef-accordion-content-inner\">\n\t\t<p>N\u00e3o contamos com ar-condicionado devido a uma abordagem sustent\u00e1vel. Os quartos possuem ventiladores e solu\u00e7\u00f5es t\u00e9rmicas. <\/p>\t<\/div>\n<\/div><h4 class=\"qodef-accordion-title\">\n\t<span class=\"qodef-tab-title\">\n\t\tVoc\u00eas t\u00eam aquecimento?\t<\/span>\n\t<span class=\"qodef-accordion-mark\">\n\t\t<span class=\"qodef-icon--arrow-down\"><span class=\"qodef-icon-linea-icons icon-arrows-down\" ><\/span><\/span>\n\t\t<span class=\"qodef-icon--arrow-up\"><span class=\"qodef-icon-linea-icons icon-arrows-up\" ><\/span><\/span>\n\t<\/span>\n<\/h4>\n<div class=\"qodef-accordion-content\">\n\t<div class=\"qodef-accordion-content-inner\">\n\t\t<p>Sim, todos os quartos possuem aquecimento central programado.<\/p>\t<\/div>\n<\/div><h4 class=\"qodef-accordion-title\">\n\t<span class=\"qodef-tab-title\">\n\t\tVoc\u00eas t\u00eam boa internet?\t<\/span>\n\t<span class=\"qodef-accordion-mark\">\n\t\t<span class=\"qodef-icon--arrow-down\"><span class=\"qodef-icon-linea-icons icon-arrows-down\" ><\/span><\/span>\n\t\t<span class=\"qodef-icon--arrow-up\"><span class=\"qodef-icon-linea-icons icon-arrows-up\" ><\/span><\/span>\n\t<\/span>\n<\/h4>\n<div class=\"qodef-accordion-content\">\n\t<div class=\"qodef-accordion-content-inner\">\n\t\t<p>Sim, contamos com fibra \u00f3ptica e backup Starlink para garantir uma conex\u00e3o est\u00e1vel.<\/p>\t<\/div>\n<\/div><h4 class=\"qodef-accordion-title\">\n\t<span class=\"qodef-tab-title\">\n\t\tOs quartos t\u00eam TV?\t<\/span>\n\t<span class=\"qodef-accordion-mark\">\n\t\t<span class=\"qodef-icon--arrow-down\"><span class=\"qodef-icon-linea-icons icon-arrows-down\" ><\/span><\/span>\n\t\t<span class=\"qodef-icon--arrow-up\"><span class=\"qodef-icon-linea-icons icon-arrows-up\" ><\/span><\/span>\n\t<\/span>\n<\/h4>\n<div class=\"qodef-accordion-content\">\n\t<div class=\"qodef-accordion-content-inner\">\n\t\t<p>N\u00e3o, priorizamos o descanso, por isso n\u00e3o h\u00e1 televis\u00e3o nos quartos.<\/p>\t<\/div>\n<\/div><h4 class=\"qodef-accordion-title\">\n\t<span class=\"qodef-tab-title\">\n\t\tH\u00e1 quartos mais barulhentos?\t<\/span>\n\t<span class=\"qodef-accordion-mark\">\n\t\t<span class=\"qodef-icon--arrow-down\"><span class=\"qodef-icon-linea-icons icon-arrows-down\" ><\/span><\/span>\n\t\t<span class=\"qodef-icon--arrow-up\"><span class=\"qodef-icon-linea-icons icon-arrows-up\" ><\/span><\/span>\n\t<\/span>\n<\/h4>\n<div class=\"qodef-accordion-content\">\n\t<div class=\"qodef-accordion-content-inner\">\n\t\t<p>O quarto familiar econ\u00f4mico fica em frente \u00e0 recep\u00e7\u00e3o e com vista para a rua, podendo ser mais barulhento que outros quartos.<\/p>\t<\/div>\n<\/div><\/div>\t\t\t\t<\/div>\n\t\t\t\t<\/div>\n\t\t\t\t<div class=\"elementor-element elementor-element-8a23996 elementor-widget elementor-widget-heading\" data-id=\"8a23996\" data-element_type=\"widget\" data-e-type=\"widget\" data-widget_type=\"heading.default\">\n\t\t\t\t\t<h1 class=\"elementor-heading-title elementor-size-default\">Localiza\u00e7\u00e3o e Log\u00edstica<\/h1>\t\t\t\t<\/div>\n\t\t\t\t<div class=\"elementor-element elementor-element-6ef3cf0 elementor-widget-divider--view-line elementor-widget elementor-widget-divider\" data-id=\"6ef3cf0\" data-element_type=\"widget\" data-e-type=\"widget\" data-widget_type=\"divider.default\">\n\t\t\t\t\t\t\t<div class=\"elementor-divider\">\n\t\t\t<span class=\"elementor-divider-separator\">\n\t\t\t\t\t\t<\/span>\n\t\t<\/div>\n\t\t\t\t\t\t<\/div>\n\t\t\t\t<div class=\"elementor-element elementor-element-a48d1ca elementor-widget elementor-widget-alloggio_core_accordion\" data-id=\"a48d1ca\" data-element_type=\"widget\" data-e-type=\"widget\" data-widget_type=\"alloggio_core_accordion.default\">\n\t\t\t\t<div class=\"elementor-widget-container\">\n\t\t\t\t\t<div class=\"qodef-shortcode qodef-m qodef-accordion clear qodef-behavior--accordion qodef-layout--simple\">\n\t<h4 class=\"qodef-accordion-title\">\n\t<span class=\"qodef-tab-title\">\n\t\tVoc\u00eas ficam perto do centro?\t<\/span>\n\t<span class=\"qodef-accordion-mark\">\n\t\t<span class=\"qodef-icon--arrow-down\"><span class=\"qodef-icon-linea-icons icon-arrows-down\" ><\/span><\/span>\n\t\t<span class=\"qodef-icon--arrow-up\"><span class=\"qodef-icon-linea-icons icon-arrows-up\" ><\/span><\/span>\n\t<\/span>\n<\/h4>\n<div class=\"qodef-accordion-content\">\n\t<div class=\"qodef-accordion-content-inner\">\n\t\tSim, estamos a poucos passos da rua principal, combinando proximidade com tranquilidade.\t<\/div>\n<\/div><h4 class=\"qodef-accordion-title\">\n\t<span class=\"qodef-tab-title\">\n\t\tVoc\u00eas t\u00eam estacionamento?\t<\/span>\n\t<span class=\"qodef-accordion-mark\">\n\t\t<span class=\"qodef-icon--arrow-down\"><span class=\"qodef-icon-linea-icons icon-arrows-down\" ><\/span><\/span>\n\t\t<span class=\"qodef-icon--arrow-up\"><span class=\"qodef-icon-linea-icons icon-arrows-up\" ><\/span><\/span>\n\t<\/span>\n<\/h4>\n<div class=\"qodef-accordion-content\">\n\t<div class=\"qodef-accordion-content-inner\">\n\t\t<p>Sim, \u00e9 gratuito, por\u00e9m limitado e sujeito \u00e0 disponibilidade. Deve ser solicitado previamente.<\/p>\t<\/div>\n<\/div><h4 class=\"qodef-accordion-title\">\n\t<span class=\"qodef-tab-title\">\n\t\tPosso deixar meu ve\u00edculo enquanto viajo para Uyuni?\t<\/span>\n\t<span class=\"qodef-accordion-mark\">\n\t\t<span class=\"qodef-icon--arrow-down\"><span class=\"qodef-icon-linea-icons icon-arrows-down\" ><\/span><\/span>\n\t\t<span class=\"qodef-icon--arrow-up\"><span class=\"qodef-icon-linea-icons icon-arrows-up\" ><\/span><\/span>\n\t<\/span>\n<\/h4>\n<div class=\"qodef-accordion-content\">\n\t<div class=\"qodef-accordion-content-inner\">\n\t\t<p>N\u00e3o, devido \u00e0 capacidade limitada, n\u00e3o oferecemos esse servi\u00e7o.<\/p>\t<\/div>\n<\/div><h4 class=\"qodef-accordion-title\">\n\t<span class=\"qodef-tab-title\">\n\t\tPodem guardar minha bagagem enquanto viajo para Uyuni?\t<\/span>\n\t<span class=\"qodef-accordion-mark\">\n\t\t<span class=\"qodef-icon--arrow-down\"><span class=\"qodef-icon-linea-icons icon-arrows-down\" ><\/span><\/span>\n\t\t<span class=\"qodef-icon--arrow-up\"><span class=\"qodef-icon-linea-icons icon-arrows-up\" ><\/span><\/span>\n\t<\/span>\n<\/h4>\n<div class=\"qodef-accordion-content\">\n\t<div class=\"qodef-accordion-content-inner\">\n\t\t<p>Sim, contamos com um dep\u00f3sito seguro sem custo adicional.<\/p>\t<\/div>\n<\/div><h4 class=\"qodef-accordion-title\">\n\t<span class=\"qodef-tab-title\">\n\t\tVoc\u00eas t\u00eam servi\u00e7o de transfer?\t<\/span>\n\t<span class=\"qodef-accordion-mark\">\n\t\t<span class=\"qodef-icon--arrow-down\"><span class=\"qodef-icon-linea-icons icon-arrows-down\" ><\/span><\/span>\n\t\t<span class=\"qodef-icon--arrow-up\"><span class=\"qodef-icon-linea-icons icon-arrows-up\" ><\/span><\/span>\n\t<\/span>\n<\/h4>\n<div class=\"qodef-accordion-content\">\n\t<div class=\"qodef-accordion-content-inner\">\n\t\t<p>Sim, trabalhamos com uma empresa externa. Entre em contato para coordenar. <\/p>\t<\/div>\n<\/div><\/div>\t\t\t\t<\/div>\n\t\t\t\t<\/div>\n\t\t\t\t<div class=\"elementor-element elementor-element-d3388eb elementor-widget elementor-widget-heading\" data-id=\"d3388eb\" data-element_type=\"widget\" data-e-type=\"widget\" data-widget_type=\"heading.default\">\n\t\t\t\t\t<h1 class=\"elementor-heading-title elementor-size-default\">Experi\u00eancia e Pol\u00edticas<\/h1>\t\t\t\t<\/div>\n\t\t\t\t<div class=\"elementor-element elementor-element-03a455e elementor-widget-divider--view-line elementor-widget elementor-widget-divider\" data-id=\"03a455e\" data-element_type=\"widget\" data-e-type=\"widget\" data-widget_type=\"divider.default\">\n\t\t\t\t\t\t\t<div class=\"elementor-divider\">\n\t\t\t<span class=\"elementor-divider-separator\">\n\t\t\t\t\t\t<\/span>\n\t\t<\/div>\n\t\t\t\t\t\t<\/div>\n\t\t\t\t<div class=\"elementor-element elementor-element-98281df elementor-widget elementor-widget-alloggio_core_accordion\" data-id=\"98281df\" data-element_type=\"widget\" data-e-type=\"widget\" data-widget_type=\"alloggio_core_accordion.default\">\n\t\t\t\t<div class=\"elementor-widget-container\">\n\t\t\t\t\t<div class=\"qodef-shortcode qodef-m qodef-accordion clear qodef-behavior--accordion qodef-layout--simple\">\n\t<h4 class=\"qodef-accordion-title\">\n\t<span class=\"qodef-tab-title\">\n\t\tVoc\u00eas organizam excurs\u00f5es?\t<\/span>\n\t<span class=\"qodef-accordion-mark\">\n\t\t<span class=\"qodef-icon--arrow-down\"><span class=\"qodef-icon-linea-icons icon-arrows-down\" ><\/span><\/span>\n\t\t<span class=\"qodef-icon--arrow-up\"><span class=\"qodef-icon-linea-icons icon-arrows-up\" ><\/span><\/span>\n\t<\/span>\n<\/h4>\n<div class=\"qodef-accordion-content\">\n\t<div class=\"qodef-accordion-content-inner\">\n\t\t<p>N\u00e3o diretamente, mas ajudamos a organizar passeios com ag\u00eancias confi\u00e1veis.<\/p>\t<\/div>\n<\/div><h4 class=\"qodef-accordion-title\">\n\t<span class=\"qodef-tab-title\">\n\t\tPosso usar a cozinha?\t<\/span>\n\t<span class=\"qodef-accordion-mark\">\n\t\t<span class=\"qodef-icon--arrow-down\"><span class=\"qodef-icon-linea-icons icon-arrows-down\" ><\/span><\/span>\n\t\t<span class=\"qodef-icon--arrow-up\"><span class=\"qodef-icon-linea-icons icon-arrows-up\" ><\/span><\/span>\n\t<\/span>\n<\/h4>\n<div class=\"qodef-accordion-content\">\n\t<div class=\"qodef-accordion-content-inner\">\n\t\t<p>N\u00e3o, a cozinha n\u00e3o est\u00e1 dispon\u00edvel para uso dos h\u00f3spedes.<\/p>\t<\/div>\n<\/div><h4 class=\"qodef-accordion-title\">\n\t<span class=\"qodef-tab-title\">\n\t\tVoc\u00eas oferecem almo\u00e7o ou jantar?\t<\/span>\n\t<span class=\"qodef-accordion-mark\">\n\t\t<span class=\"qodef-icon--arrow-down\"><span class=\"qodef-icon-linea-icons icon-arrows-down\" ><\/span><\/span>\n\t\t<span class=\"qodef-icon--arrow-up\"><span class=\"qodef-icon-linea-icons icon-arrows-up\" ><\/span><\/span>\n\t<\/span>\n<\/h4>\n<div class=\"qodef-accordion-content\">\n\t<div class=\"qodef-accordion-content-inner\">\n\t\t<p>N\u00e3o, apenas caf\u00e9 da manh\u00e3. Voc\u00ea pode trazer comida e consumi-la dentro do hotel. <\/p>\t<\/div>\n<\/div><h4 class=\"qodef-accordion-title\">\n\t<span class=\"qodef-tab-title\">\n\t\tPosso levar animais de estima\u00e7\u00e3o?\t<\/span>\n\t<span class=\"qodef-accordion-mark\">\n\t\t<span class=\"qodef-icon--arrow-down\"><span class=\"qodef-icon-linea-icons icon-arrows-down\" ><\/span><\/span>\n\t\t<span class=\"qodef-icon--arrow-up\"><span class=\"qodef-icon-linea-icons icon-arrows-up\" ><\/span><\/span>\n\t<\/span>\n<\/h4>\n<div class=\"qodef-accordion-content\">\n\t<div class=\"qodef-accordion-content-inner\">\n\t\t<p>N\u00e3o, n\u00e3o \u00e9 permitida a entrada de pets.<\/p>\t<\/div>\n<\/div><h4 class=\"qodef-accordion-title\">\n\t<span class=\"qodef-tab-title\">\n\t\tQual \u00e9 a diferen\u00e7a entre quarto econ\u00f4mico e standard?\t<\/span>\n\t<span class=\"qodef-accordion-mark\">\n\t\t<span class=\"qodef-icon--arrow-down\"><span class=\"qodef-icon-linea-icons icon-arrows-down\" ><\/span><\/span>\n\t\t<span class=\"qodef-icon--arrow-up\"><span class=\"qodef-icon-linea-icons icon-arrows-up\" ><\/span><\/span>\n\t<\/span>\n<\/h4>\n<div class=\"qodef-accordion-content\">\n\t<div class=\"qodef-accordion-content-inner\">\n\t\t<p>O quarto econ\u00f4mico tem uma janela a menos, podendo ser mais escuro. No restante, s\u00e3o iguais. <\/p>\t<\/div>\n<\/div><\/div>\t\t\t\t<\/div>\n\t\t\t\t<\/div>\n\t\t\t\t\t<\/div>\n\t\t<\/div>\n\t\t\t\t\t<\/div>\n\t\t<\/section>\n\t\t\t\t<\/div>\n\t\t","protected":false},"excerpt":{"rendered":"<p>FAQ Reservas e Pagamentos Posso reservar sem cart\u00e3o de cr\u00e9dito? N\u00e3o, \u00e9 necess\u00e1rio inserir um cart\u00e3o de cr\u00e9dito v\u00e1lido para confirmar a reserva. Quais s\u00e3o as formas de pagamento? Em CLP aceitamos transfer\u00eancia, cart\u00f5es de cr\u00e9dito\/d\u00e9bito e dinheiro. Em USD aceitamos cart\u00e3o de cr\u00e9dito ou dinheiro. Posso n\u00e3o pagar IVA? Sim, se voc\u00ea for estrangeiro [&hellip;]<\/p>\n","protected":false},"author":1,"featured_media":0,"parent":0,"menu_order":0,"comment_status":"closed","ping_status":"closed","template":"page-full-width.php","meta":{"footnotes":""},"class_list":["post-7111","page","type-page","status-publish","hentry"],"_links":{"self":[{"href":"https:\/\/jardinatacama.cl\/pt-br\/wp-json\/wp\/v2\/pages\/7111","targetHints":{"allow":["GET"]}}],"collection":[{"href":"https:\/\/jardinatacama.cl\/pt-br\/wp-json\/wp\/v2\/pages"}],"about":[{"href":"https:\/\/jardinatacama.cl\/pt-br\/wp-json\/wp\/v2\/types\/page"}],"author":[{"embeddable":true,"href":"https:\/\/jardinatacama.cl\/pt-br\/wp-json\/wp\/v2\/users\/1"}],"replies":[{"embeddable":true,"href":"https:\/\/jardinatacama.cl\/pt-br\/wp-json\/wp\/v2\/comments?post=7111"}],"version-history":[{"count":0,"href":"https:\/\/jardinatacama.cl\/pt-br\/wp-json\/wp\/v2\/pages\/7111\/revisions"}],"wp:attachment":[{"href":"https:\/\/jardinatacama.cl\/pt-br\/wp-json\/wp\/v2\/media?parent=7111"}],"curies":[{"name":"wp","href":"https:\/\/api.w.org\/{rel}","templated":true}]}}